{"id":817,"date":"2021-10-17T16:08:34","date_gmt":"2021-10-17T16:08:34","guid":{"rendered":"https:\/\/ichem.bme.hu\/?page_id=817"},"modified":"2021-10-18T01:43:35","modified_gmt":"2021-10-18T01:43:35","slug":"kutatasi-teruletek","status":"publish","type":"page","link":"https:\/\/ichem.bme.hu\/en\/kutatas\/kutatasi-teruletek\/","title":{"rendered":"Kutat\u00e1si ter\u00fcletek"},"content":{"rendered":"<div data-elementor-type=\"wp-page\" data-elementor-id=\"817\" class=\"elementor elementor-817\">\n\t\t\t\t\t\t<section class=\"elementor-section elementor-top-section elementor-element elementor-element-219b37f7 elementor-section-full_width elementor-section-height-min-height elementor-section-height-default elementor-section-items-middle\" data-id=\"219b37f7\" data-element_type=\"section\" data-settings=\"{&quot;background_background&quot;:&quot;classic&quot;}\">\n\t\t\t\t\t\t<div class=\"elementor-container elementor-column-gap-default\">\n\t\t\t\t\t<div class=\"elementor-column elementor-col-100 elementor-top-column elementor-element elementor-element-7d2fe678\" data-id=\"7d2fe678\" data-element_type=\"column\">\n\t\t\t<div class=\"elementor-widget-wrap\">\n\t\t\t\t\t\t\t<\/div>\n\t\t<\/div>\n\t\t\t\t\t<\/div>\n\t\t<\/section>\n\t\t\t\t<section class=\"elementor-section elementor-top-section elementor-element elementor-element-8b7958b elementor-section-boxed elementor-section-height-default elementor-section-height-default elementor-invisible\" data-id=\"8b7958b\" data-element_type=\"section\" data-settings=\"{&quot;animation&quot;:&quot;fadeInDown&quot;}\">\n\t\t\t\t\t\t<div class=\"elementor-container elementor-column-gap-default\">\n\t\t\t\t\t<div class=\"elementor-column elementor-col-100 elementor-top-column elementor-element elementor-element-121e529\" data-id=\"121e529\" data-element_type=\"column\">\n\t\t\t<div class=\"elementor-widget-wrap elementor-element-populated\">\n\t\t\t\t\t\t<div class=\"elementor-element elementor-element-56a4039 elementor-widget elementor-widget-heading\" data-id=\"56a4039\" data-element_type=\"widget\" data-widget_type=\"heading.default\">\n\t\t\t\t<div class=\"elementor-widget-container\">\n\t\t\t<style>\/*! elementor - v3.23.0 - 05-08-2024 *\/\n.elementor-heading-title{padding:0;margin:0;line-height:1}.elementor-widget-heading .elementor-heading-title[class*=elementor-size-]>a{color:inherit;font-size:inherit;line-height:inherit}.elementor-widget-heading .elementor-heading-title.elementor-size-small{font-size:15px}.elementor-widget-heading .elementor-heading-title.elementor-size-medium{font-size:19px}.elementor-widget-heading .elementor-heading-title.elementor-size-large{font-size:29px}.elementor-widget-heading .elementor-heading-title.elementor-size-xl{font-size:39px}.elementor-widget-heading .elementor-heading-title.elementor-size-xxl{font-size:59px}<\/style><h2 class=\"elementor-heading-title elementor-size-default\">Kutat\u00e1si ter\u00fcletek<\/h2>\t\t<\/div>\n\t\t\t\t<\/div>\n\t\t\t\t\t<\/div>\n\t\t<\/div>\n\t\t\t\t\t<\/div>\n\t\t<\/section>\n\t\t\t\t<section class=\"elementor-section elementor-top-section elementor-element elementor-element-6c5e7c5 elementor-section-boxed elementor-section-height-default elementor-section-height-default elementor-invisible\" data-id=\"6c5e7c5\" data-element_type=\"section\" data-settings=\"{&quot;animation&quot;:&quot;fadeInUp&quot;}\">\n\t\t\t\t\t\t<div class=\"elementor-container elementor-column-gap-default\">\n\t\t\t\t\t<div class=\"elementor-column elementor-col-100 elementor-top-column elementor-element elementor-element-ad1acd2\" data-id=\"ad1acd2\" data-element_type=\"column\">\n\t\t\t<div class=\"elementor-widget-wrap elementor-element-populated\">\n\t\t\t\t\t\t<div class=\"elementor-element elementor-element-43ba550 elementor-widget elementor-widget-heading\" data-id=\"43ba550\" data-element_type=\"widget\" data-widget_type=\"heading.default\">\n\t\t\t\t<div class=\"elementor-widget-container\">\n\t\t\t<h4 class=\"elementor-heading-title elementor-size-default\">A Szervetlen \u00e9s Analitikai K\u00e9mia Tansz\u00e9k f\u0151 kutat\u00e1si ter\u00fcletei:<\/h4>\t\t<\/div>\n\t\t\t\t<\/div>\n\t\t\t\t<div class=\"elementor-element elementor-element-b0ade07 elementor-widget elementor-widget-text-editor\" data-id=\"b0ade07\" data-element_type=\"widget\" data-widget_type=\"text-editor.default\">\n\t\t\t\t<div class=\"elementor-widget-container\">\n\t\t\t<style>\/*! elementor - v3.23.0 - 05-08-2024 *\/\n.elementor-widget-text-editor.elementor-drop-cap-view-stacked .elementor-drop-cap{background-color:#69727d;color:#fff}.elementor-widget-text-editor.elementor-drop-cap-view-framed .elementor-drop-cap{color:#69727d;border:3px solid;background-color:transparent}.elementor-widget-text-editor:not(.elementor-drop-cap-view-default) .elementor-drop-cap{margin-top:8px}.elementor-widget-text-editor:not(.elementor-drop-cap-view-default) .elementor-drop-cap-letter{width:1em;height:1em}.elementor-widget-text-editor .elementor-drop-cap{float:left;text-align:center;line-height:1;font-size:50px}.elementor-widget-text-editor .elementor-drop-cap-letter{display:inline-block}<\/style>\t\t\t\t<ul><li>Szervetlen molekul\u00e1k szerkezet\u00e9nek \u00e9s reakci\u00f3inak kvantumk\u00e9miai vizsg\u00e1lata<\/li><li><a href=\"http:\/\/biochemsens.bme.hu\/\">K\u00e9miai \u00e9s bioszenzorok, nanoszenzorok<\/a><\/li><li>Anyagtudom\u00e1ny (szint\u00e9zis, pl. organometallikus vegy\u00fcletek \u00e9s anal\u00edzis, pl. termikus, r\u00f6ntgen \u00e9s elektronsugaras)<\/li><li>Elv\u00e1laszt\u00e1stechnika (GC, HPLC, MS \u00e9s MS-MS detekt\u00e1l\u00e1s, \u00faj \u00e1ll\u00f3f\u00e1zisok)<\/li><li>NMR spektroszk\u00f3pia<\/li><li>K\u00f6rnyezetv\u00e9delmi analitika (helysz\u00edni illetve laborat\u00f3riumi m\u00f3dszerek)<\/li><li>Farmakokinetikai analitika<\/li><\/ul><p>A tansz\u00e9ken \u00f6t f\u0151\u00e1ll\u00e1s\u00fa egyetemi tan\u00e1r dolgozik. A tansz\u00e9ken \u00e9s a hozz\u00e1 kapcsol\u00f3d\u00f3 k\u00e9t akad\u00e9miai kutat\u00f3csoportban n\u00e9gy akad\u00e9mikus van \u00e1ll\u00e1sban, egy tov\u00e1bbi akad\u00e9mikus pedig emeritus professzor.<\/p><p>Az egyes kutat\u00f3k tudom\u00e1nyos tev\u00e9kenys\u00e9g\u00e9r\u0151l a szem\u00e9lyes honlapjaikon lehet t\u00e1j\u00e9koz\u00f3dni.<\/p>\t\t\t\t\t\t<\/div>\n\t\t\t\t<\/div>\n\t\t\t\t\t<\/div>\n\t\t<\/div>\n\t\t\t\t\t<\/div>\n\t\t<\/section>\n\t\t\t\t<\/div>","protected":false},"excerpt":{"rendered":"<p>Kutat\u00e1si ter\u00fcletek A Szervetlen \u00e9s Analitikai K\u00e9mia Tansz\u00e9k f\u0151 kutat\u00e1si ter\u00fcletei: Szervetlen molekul\u00e1k szerkezet\u00e9nek \u00e9s reakci\u00f3inak kvantumk\u00e9miai vizsg\u00e1lata K\u00e9miai \u00e9s bioszenzorok, nanoszenzorok Anyagtudom\u00e1ny (szint\u00e9zis, pl. organometallikus vegy\u00fcletek \u00e9s anal\u00edzis, pl. termikus, r\u00f6ntgen \u00e9s elektronsugaras) Elv\u00e1laszt\u00e1stechnika (GC, HPLC, MS \u00e9s MS-MS detekt\u00e1l\u00e1s, \u00faj \u00e1ll\u00f3f\u00e1zisok) NMR spektroszk\u00f3pia K\u00f6rnyezetv\u00e9delmi analitika (helysz\u00edni illetve laborat\u00f3riumi m\u00f3dszerek) Farmakokinetikai analitika A tansz\u00e9ken &hellip;<\/p>\n<p class=\"read-more\"> <a class=\"\" href=\"https:\/\/ichem.bme.hu\/en\/kutatas\/kutatasi-teruletek\/\"> <span class=\"screen-reader-text\">Kutat\u00e1si ter\u00fcletek<\/span> Read More &raquo;<\/a><\/p>","protected":false},"author":1,"featured_media":0,"parent":799,"menu_order":0,"comment_status":"closed","ping_status":"closed","template":"","meta":{"site-sidebar-layout":"no-sidebar","site-content-layout":"page-builder","ast-global-header-display":"","ast-main-header-display":"","ast-hfb-above-header-display":"","ast-hfb-below-header-display":"","ast-hfb-mobile-header-display":"","site-post-title":"disabled","ast-breadcrumbs-content":"","ast-featured-img":"disabled","footer-sml-layout":"","theme-transparent-header-meta":"default","adv-header-id-meta":"","stick-header-meta":"","header-above-stick-meta":"","header-main-stick-meta":"","header-below-stick-meta":"","footnotes":""},"class_list":["post-817","page","type-page","status-publish","hentry"],"_links":{"self":[{"href":"https:\/\/ichem.bme.hu\/en\/wp-json\/wp\/v2\/pages\/817","targetHints":{"allow":["GET"]}}],"collection":[{"href":"https:\/\/ichem.bme.hu\/en\/wp-json\/wp\/v2\/pages"}],"about":[{"href":"https:\/\/ichem.bme.hu\/en\/wp-json\/wp\/v2\/types\/page"}],"author":[{"embeddable":true,"href":"https:\/\/ichem.bme.hu\/en\/wp-json\/wp\/v2\/users\/1"}],"replies":[{"embeddable":true,"href":"https:\/\/ichem.bme.hu\/en\/wp-json\/wp\/v2\/comments?post=817"}],"version-history":[{"count":7,"href":"https:\/\/ichem.bme.hu\/en\/wp-json\/wp\/v2\/pages\/817\/revisions"}],"predecessor-version":[{"id":1071,"href":"https:\/\/ichem.bme.hu\/en\/wp-json\/wp\/v2\/pages\/817\/revisions\/1071"}],"up":[{"embeddable":true,"href":"https:\/\/ichem.bme.hu\/en\/wp-json\/wp\/v2\/pages\/799"}],"wp:attachment":[{"href":"https:\/\/ichem.bme.hu\/en\/wp-json\/wp\/v2\/media?parent=817"}],"curies":[{"name":"wp","href":"https:\/\/api.w.org\/{rel}","templated":true}]}}