{"id":815,"date":"2021-10-17T16:08:07","date_gmt":"2021-10-17T16:08:07","guid":{"rendered":"https:\/\/ichem.bme.hu\/?page_id=815"},"modified":"2026-02-18T14:51:42","modified_gmt":"2026-02-18T14:51:42","slug":"szakmai-gyakorlat","status":"publish","type":"page","link":"https:\/\/ichem.bme.hu\/en\/oktatas\/szakmai-gyakorlat\/","title":{"rendered":"Professional practice"},"content":{"rendered":"<div data-elementor-type=\"wp-page\" data-elementor-id=\"815\" class=\"elementor elementor-815\">\n\t\t\t\t\t\t<section class=\"elementor-section elementor-top-section elementor-element elementor-element-2cffa264 elementor-section-full_width elementor-section-height-min-height elementor-section-height-default elementor-section-items-middle\" data-id=\"2cffa264\" data-element_type=\"section\" data-settings=\"{&quot;background_background&quot;:&quot;classic&quot;}\">\n\t\t\t\t\t\t<div class=\"elementor-container elementor-column-gap-default\">\n\t\t\t\t\t<div class=\"elementor-column elementor-col-100 elementor-top-column elementor-element elementor-element-53aa956e\" data-id=\"53aa956e\" data-element_type=\"column\">\n\t\t\t<div class=\"elementor-widget-wrap\">\n\t\t\t\t\t\t\t<\/div>\n\t\t<\/div>\n\t\t\t\t\t<\/div>\n\t\t<\/section>\n\t\t\t\t<section class=\"elementor-section elementor-top-section elementor-element elementor-element-0928f05 elementor-section-boxed elementor-section-height-default elementor-section-height-default elementor-invisible\" data-id=\"0928f05\" data-element_type=\"section\" data-settings=\"{&quot;animation&quot;:&quot;fadeInUp&quot;}\">\n\t\t\t\t\t\t<div class=\"elementor-container elementor-column-gap-default\">\n\t\t\t\t\t<div class=\"elementor-column elementor-col-100 elementor-top-column elementor-element elementor-element-9a3173d\" data-id=\"9a3173d\" data-element_type=\"column\">\n\t\t\t<div class=\"elementor-widget-wrap elementor-element-populated\">\n\t\t\t\t\t\t<div class=\"elementor-element elementor-element-7c2bc46 elementor-widget elementor-widget-spacer\" data-id=\"7c2bc46\" data-element_type=\"widget\" data-widget_type=\"spacer.default\">\n\t\t\t\t<div class=\"elementor-widget-container\">\n\t\t\t<style>\/*! elementor - v3.23.0 - 05-08-2024 *\/\n.elementor-column .elementor-spacer-inner{height:var(--spacer-size)}.e-con{--container-widget-width:100%}.e-con-inner>.elementor-widget-spacer,.e-con>.elementor-widget-spacer{width:var(--container-widget-width,var(--spacer-size));--align-self:var(--container-widget-align-self,initial);--flex-shrink:0}.e-con-inner>.elementor-widget-spacer>.elementor-widget-container,.e-con>.elementor-widget-spacer>.elementor-widget-container{height:100%;width:100%}.e-con-inner>.elementor-widget-spacer>.elementor-widget-container>.elementor-spacer,.e-con>.elementor-widget-spacer>.elementor-widget-container>.elementor-spacer{height:100%}.e-con-inner>.elementor-widget-spacer>.elementor-widget-container>.elementor-spacer>.elementor-spacer-inner,.e-con>.elementor-widget-spacer>.elementor-widget-container>.elementor-spacer>.elementor-spacer-inner{height:var(--container-widget-height,var(--spacer-size))}.e-con-inner>.elementor-widget-spacer.elementor-widget-empty,.e-con>.elementor-widget-spacer.elementor-widget-empty{position:relative;min-height:22px;min-width:22px}.e-con-inner>.elementor-widget-spacer.elementor-widget-empty .elementor-widget-empty-icon,.e-con>.elementor-widget-spacer.elementor-widget-empty .elementor-widget-empty-icon{position:absolute;top:0;bottom:0;left:0;right:0;margin:auto;padding:0;width:22px;height:22px}<\/style>\t\t<div class=\"elementor-spacer\">\n\t\t\t<div class=\"elementor-spacer-inner\"><\/div>\n\t\t<\/div>\n\t\t\t\t<\/div>\n\t\t\t\t<\/div>\n\t\t\t\t<div class=\"elementor-element elementor-element-ba7fd25 elementor-widget elementor-widget-text-editor\" data-id=\"ba7fd25\" data-element_type=\"widget\" data-widget_type=\"text-editor.default\">\n\t\t\t\t<div class=\"elementor-widget-container\">\n\t\t\t<style>\/*! elementor - v3.23.0 - 05-08-2024 *\/\n.elementor-widget-text-editor.elementor-drop-cap-view-stacked .elementor-drop-cap{background-color:#69727d;color:#fff}.elementor-widget-text-editor.elementor-drop-cap-view-framed .elementor-drop-cap{color:#69727d;border:3px solid;background-color:transparent}.elementor-widget-text-editor:not(.elementor-drop-cap-view-default) .elementor-drop-cap{margin-top:8px}.elementor-widget-text-editor:not(.elementor-drop-cap-view-default) .elementor-drop-cap-letter{width:1em;height:1em}.elementor-widget-text-editor .elementor-drop-cap{float:left;text-align:center;line-height:1;font-size:50px}.elementor-widget-text-editor .elementor-drop-cap-letter{display:inline-block}<\/style>\t\t\t\t<h2>Professional practice<\/h2>\t\t\t\t\t\t<\/div>\n\t\t\t\t<\/div>\n\t\t\t\t<div class=\"elementor-element elementor-element-72bc4e2 elementor-widget elementor-widget-text-editor\" data-id=\"72bc4e2\" data-element_type=\"widget\" data-widget_type=\"text-editor.default\">\n\t\t\t\t<div class=\"elementor-widget-container\">\n\t\t\t\t\t\t\t<p>A BSc k\u00e9pz\u00e9s sor\u00e1n 6 hetes, az MSc k\u00e9pz\u00e9s sor\u00e1n 4 hetes szakmai gyakorlatot kell teljes\u00edteni hallgat\u00f3inknak. Az analitikai specializ\u00e1ci\u00f3n tanul\u00f3 hallgat\u00f3ink sz\u00e1m\u00e1ra tansz\u00e9k\u00fcnk szervez\u00e9s\u00e9ben bonyol\u00edtjuk a szakmai gyakorlatokat.&nbsp;<br>\u00c9rdekl\u0151dni lehet: Dr. Simon Andr\u00e1s, szakmai gyakorlat \u00e9s z\u00e1r\u00f3vizsga felel\u0151s.&nbsp;<br>E-mail: simon.andras@vbk.bme.hu<\/p>\t\t\t\t\t\t<\/div>\n\t\t\t\t<\/div>\n\t\t\t\t\t<\/div>\n\t\t<\/div>\n\t\t\t\t\t<\/div>\n\t\t<\/section>\n\t\t\t\t<\/div>","protected":false},"excerpt":{"rendered":"<p>Szakmai gyakorlat A BSc k\u00e9pz\u00e9s sor\u00e1n 6 hetes, az MSc k\u00e9pz\u00e9s sor\u00e1n 4 hetes szakmai gyakorlatot kell teljes\u00edteni hallgat\u00f3inknak. Az analitikai specializ\u00e1ci\u00f3n tanul\u00f3 hallgat\u00f3ink sz\u00e1m\u00e1ra tansz\u00e9k\u00fcnk szervez\u00e9s\u00e9ben bonyol\u00edtjuk a szakmai gyakorlatokat.&nbsp;\u00c9rdekl\u0151dni lehet: Dr. Simon Andr\u00e1s, szakmai gyakorlat \u00e9s z\u00e1r\u00f3vizsga felel\u0151s.&nbsp;E-mail: simon.andras@vbk.bme.hu<\/p>","protected":false},"author":1,"featured_media":0,"parent":766,"menu_order":0,"comment_status":"closed","ping_status":"closed","template":"","meta":{"site-sidebar-layout":"no-sidebar","site-content-layout":"page-builder","ast-global-header-display":"","ast-main-header-display":"","ast-hfb-above-header-display":"","ast-hfb-below-header-display":"","ast-hfb-mobile-header-display":"","site-post-title":"disabled","ast-breadcrumbs-content":"","ast-featured-img":"disabled","footer-sml-layout":"","theme-transparent-header-meta":"default","adv-header-id-meta":"","stick-header-meta":"","header-above-stick-meta":"","header-main-stick-meta":"","header-below-stick-meta":"","footnotes":""},"class_list":["post-815","page","type-page","status-publish","hentry"],"_links":{"self":[{"href":"https:\/\/ichem.bme.hu\/en\/wp-json\/wp\/v2\/pages\/815","targetHints":{"allow":["GET"]}}],"collection":[{"href":"https:\/\/ichem.bme.hu\/en\/wp-json\/wp\/v2\/pages"}],"about":[{"href":"https:\/\/ichem.bme.hu\/en\/wp-json\/wp\/v2\/types\/page"}],"author":[{"embeddable":true,"href":"https:\/\/ichem.bme.hu\/en\/wp-json\/wp\/v2\/users\/1"}],"replies":[{"embeddable":true,"href":"https:\/\/ichem.bme.hu\/en\/wp-json\/wp\/v2\/comments?post=815"}],"version-history":[{"count":28,"href":"https:\/\/ichem.bme.hu\/en\/wp-json\/wp\/v2\/pages\/815\/revisions"}],"predecessor-version":[{"id":1878,"href":"https:\/\/ichem.bme.hu\/en\/wp-json\/wp\/v2\/pages\/815\/revisions\/1878"}],"up":[{"embeddable":true,"href":"https:\/\/ichem.bme.hu\/en\/wp-json\/wp\/v2\/pages\/766"}],"wp:attachment":[{"href":"https:\/\/ichem.bme.hu\/en\/wp-json\/wp\/v2\/media?parent=815"}],"curies":[{"name":"wp","href":"https:\/\/api.w.org\/{rel}","templated":true}]}}