{"id":794,"date":"2021-10-17T16:02:02","date_gmt":"2021-10-17T16:02:02","guid":{"rendered":"https:\/\/ichem.bme.hu\/?page_id=794"},"modified":"2021-10-18T01:29:50","modified_gmt":"2021-10-18T01:29:50","slug":"phd-kepzes","status":"publish","type":"page","link":"https:\/\/ichem.bme.hu\/en\/oktatas\/phd-kepzes\/","title":{"rendered":"PhD education"},"content":{"rendered":"<div data-elementor-type=\"wp-page\" data-elementor-id=\"794\" class=\"elementor elementor-794\">\n\t\t\t\t\t\t<section class=\"elementor-section elementor-top-section elementor-element elementor-element-34eb33b0 elementor-section-full_width elementor-section-height-min-height elementor-section-height-default elementor-section-items-middle\" data-id=\"34eb33b0\" data-element_type=\"section\" data-settings=\"{&quot;background_background&quot;:&quot;classic&quot;}\">\n\t\t\t\t\t\t<div class=\"elementor-container elementor-column-gap-default\">\n\t\t\t\t\t<div class=\"elementor-column elementor-col-100 elementor-top-column elementor-element elementor-element-21f68ba0\" data-id=\"21f68ba0\" data-element_type=\"column\">\n\t\t\t<div class=\"elementor-widget-wrap\">\n\t\t\t\t\t\t\t<\/div>\n\t\t<\/div>\n\t\t\t\t\t<\/div>\n\t\t<\/section>\n\t\t\t\t<section class=\"elementor-section elementor-top-section elementor-element elementor-element-8f5b3d5 elementor-section-boxed elementor-section-height-default elementor-section-height-default elementor-invisible\" data-id=\"8f5b3d5\" data-element_type=\"section\" data-settings=\"{&quot;animation&quot;:&quot;fadeInDown&quot;}\">\n\t\t\t\t\t\t<div class=\"elementor-container elementor-column-gap-default\">\n\t\t\t\t\t<div class=\"elementor-column elementor-col-100 elementor-top-column elementor-element elementor-element-2d92c48\" data-id=\"2d92c48\" data-element_type=\"column\">\n\t\t\t<div class=\"elementor-widget-wrap elementor-element-populated\">\n\t\t\t\t\t\t<div class=\"elementor-element elementor-element-0bd4a75 elementor-widget elementor-widget-heading\" data-id=\"0bd4a75\" data-element_type=\"widget\" data-widget_type=\"heading.default\">\n\t\t\t\t<div class=\"elementor-widget-container\">\n\t\t\t<style>\/*! elementor - v3.23.0 - 05-08-2024 *\/\n.elementor-heading-title{padding:0;margin:0;line-height:1}.elementor-widget-heading .elementor-heading-title[class*=elementor-size-]>a{color:inherit;font-size:inherit;line-height:inherit}.elementor-widget-heading .elementor-heading-title.elementor-size-small{font-size:15px}.elementor-widget-heading .elementor-heading-title.elementor-size-medium{font-size:19px}.elementor-widget-heading .elementor-heading-title.elementor-size-large{font-size:29px}.elementor-widget-heading .elementor-heading-title.elementor-size-xl{font-size:39px}.elementor-widget-heading .elementor-heading-title.elementor-size-xxl{font-size:59px}<\/style><h2 class=\"elementor-heading-title elementor-size-default\">PhD education<\/h2>\t\t<\/div>\n\t\t\t\t<\/div>\n\t\t\t\t\t<\/div>\n\t\t<\/div>\n\t\t\t\t\t<\/div>\n\t\t<\/section>\n\t\t\t\t<section class=\"elementor-section elementor-top-section elementor-element elementor-element-caab466 elementor-section-boxed elementor-section-height-default elementor-section-height-default elementor-invisible\" data-id=\"caab466\" data-element_type=\"section\" data-settings=\"{&quot;animation&quot;:&quot;fadeInUp&quot;}\">\n\t\t\t\t\t\t<div class=\"elementor-container elementor-column-gap-default\">\n\t\t\t\t\t<div class=\"elementor-column elementor-col-100 elementor-top-column elementor-element elementor-element-22115cb\" data-id=\"22115cb\" data-element_type=\"column\">\n\t\t\t<div class=\"elementor-widget-wrap elementor-element-populated\">\n\t\t\t\t\t\t<div class=\"elementor-element elementor-element-86b910d elementor-widget elementor-widget-heading\" data-id=\"86b910d\" data-element_type=\"widget\" data-widget_type=\"heading.default\">\n\t\t\t\t<div class=\"elementor-widget-container\">\n\t\t\t<h4 class=\"elementor-heading-title elementor-size-default\">Current PhD topics<\/h4>\t\t<\/div>\n\t\t\t\t<\/div>\n\t\t\t\t<div class=\"elementor-element elementor-element-99625d1 elementor-widget elementor-widget-text-editor\" data-id=\"99625d1\" data-element_type=\"widget\" data-widget_type=\"text-editor.default\">\n\t\t\t\t<div class=\"elementor-widget-container\">\n\t\t\t<style>\/*! elementor - v3.23.0 - 05-08-2024 *\/\n.elementor-widget-text-editor.elementor-drop-cap-view-stacked .elementor-drop-cap{background-color:#69727d;color:#fff}.elementor-widget-text-editor.elementor-drop-cap-view-framed .elementor-drop-cap{color:#69727d;border:3px solid;background-color:transparent}.elementor-widget-text-editor:not(.elementor-drop-cap-view-default) .elementor-drop-cap{margin-top:8px}.elementor-widget-text-editor:not(.elementor-drop-cap-view-default) .elementor-drop-cap-letter{width:1em;height:1em}.elementor-widget-text-editor .elementor-drop-cap{float:left;text-align:center;line-height:1;font-size:50px}.elementor-widget-text-editor .elementor-drop-cap-letter{display:inline-block}<\/style>\t\t\t\t<ul><li>Sz\u00e9n nanocs\u0151 \/ f\u00e9lvezet\u0151-oxid (TiO2, WO3, SnO2, In2O3) nanokompozitok el\u0151\u00e1ll\u00edt\u00e1sa \u00e9s alkalmaz\u00e1sa g\u00e1zszenzork\u00e9nt \u00e9s fotokataliz\u00e1tork\u00e9nt (Pokol)<\/li><li>Szerves technol\u00f3giai nyomszennyez\u0151k meghat\u00e1roz\u00e1sa(Balla)<\/li><li>Az analitikai jel \u00e9s a k\u00e9miai szerkezet k\u00f6z\u00f6tti kapcsolat vizsg\u00e1lata g\u00e1zkromatogr\u00e1fi\u00e1s \u00e9s t\u00f6megspektrometri\u00e1s detekt\u00e1l\u00e1sok sor\u00e1n (Balla)<\/li><li>Szintetikus receptorok fejleszt\u00e9se \u00e9s bioanalitikai alkalmaz\u00e1sa (Gyurcs\u00e1nyi)<\/li><li>Nanoszerkezeteken \u00e9s szintetikus ligandumokon alapul\u00f3 k\u00e9miai \u00e9s bioszenzorok fejleszt\u00e9se (Gyurcs\u00e1nyi)<\/li><li>Mintael\u0151k\u00e9sz\u00edt\u00e9si m\u00f3dszerek \u00f6sszehasonl\u00edt\u00f3 vizsg\u00e1lata (Fekete J.)<\/li><li>Biod\u00edzel-gy\u00e1rt\u00e1s analitikai nyomonk\u00f6vet\u00e9se (Fekete J.)<\/li><li>Gyors folyad\u00e9kkromatogr\u00e1fi\u00e1s m\u00f3dszerek kidolgoz\u00e1sa biol\u00f3giailag akt\u00edv anyagok meghat\u00e1roz\u00e1s\u00e1ra(Fekete J.)<\/li><li>Molekul\u00e1ris lenyomatot tartalmaz\u00f3 polimerek a szenzor fejleszt\u00e9ben (Horv\u00e1th)<\/li><li>Szintetikus receptorral m\u00f3dos\u00edtott nanoszerkezetek kutat\u00e1sa (T\u00f3th K.)<\/li><li>Folyad\u00e9kok hat\u00e1rfel\u00fclet\u00e9nek szerkezete \u2013 sz\u00e1m\u00edt\u00f3g\u00e9pes\u00a0 m\u00f3dszerekkel(Horvai)<\/li><li>Feh\u00e9rj\u00e9k vizsg\u00e1lata HPLC-MS-MS m\u00f3dszerekkel (Horvai)<\/li><li>Molekul\u00e1ris lenyomat\u00fa polimerek vizsg\u00e1lata (Horvai)<\/li><li>Szil\u00e1rd-folyad\u00e9k f\u00e1zisegyens\u00falyi h\u00e1romsz\u00f6g-diagramok analitikai \u00e9s termoanalitikai vizsg\u00e1latokon alapul\u00f3 fel\u00e1ll\u00edt\u00e1sa, szil\u00e1rd diasztereomer k\u00e9pz\u0151d\u00e9s\u00e9n alapul\u00f3, a rezolv\u00e1l\u00f3szerrel egy\u00fctt m\u00e1r legal\u00e1bb h\u00e1romkomponens\u0171 rezolv\u00e1l\u00e1si rendszerekhez kapcsol\u00f3d\u00f3an. (Madar\u00e1sz)<\/li><li>Ker\u00e1mia-f\u00e9mhalogenid (CMH) l\u00e1mp\u00e1kban alkalmazhat\u00f3 ker\u00e1mia-f\u00e9m k\u00f6t\u0151anyagok (\u00fan. zom\u00e1ncok) anal.k\u00e9miai vizsg\u00e1lata (Madar\u00e1sz)<\/li><li>V\u00e1rhat\u00f3an arom\u00e1s szilaciklopentadienid anionok el\u0151\u00e1ll\u00edt\u00e1sa \u00e9s vizsg\u00e1lata (Kov\u00e1cs I.)<\/li><li>\u00daj elemorganikus vegy\u00fcletek k\u00e9mi\u00e1j\u00e1nak modellez\u00e9se (Nyul\u00e1szi)<\/li><li>Szilikon-poliuret\u00e1n kopolimerek el\u0151\u00e1ll\u00edt\u00e1sa \u00e9s vizsg\u00e1lata (Wagner)<\/li><li>Neh\u00e9zelemeket tartalmaz\u00f3 vegy\u00fcletek szerkezeti vizsg\u00e1lata (Kov\u00e1cs A.)<\/li><li>Szervetlen-halogenidek szerkezetvizsg\u00e1lata kvantumk\u00e9miai sz\u00e1m\u00edt\u00e1sokkal (Hargittai M.)<\/li><li>\u00daj s\u0171r\u0171s\u00e9g funkcion\u00e1lok kifejleszt\u00e9se \u00e9s tesztel\u00e9se (Csonka)<\/li><li>S\u0171r\u0171s\u00e9g funkcion\u00e1lok alkalmaz\u00e1sa biomolekul\u00e1kra \u00e9s azok gyenge k\u00f6lcs\u00f6nhat\u00e1saira (Csonka)<\/li><li>\u00d6sztrog\u00e9nek karcinog\u00e9n hat\u00e1s\u00e1nak kvantumk\u00e9miai vizsg\u00e1lata (Ol\u00e1h)<\/li><li>R\u00f6vid \u00e9lettartam\u0171 elemorganikus vegy\u00fcletek szerkezetvizsg\u00e1lata \u00e9s stabilit\u00e1sa (Veszpr\u00e9mi)<\/li><\/ul>\t\t\t\t\t\t<\/div>\n\t\t\t\t<\/div>\n\t\t\t\t\t<\/div>\n\t\t<\/div>\n\t\t\t\t\t<\/div>\n\t\t<\/section>\n\t\t\t\t<\/div>","protected":false},"excerpt":{"rendered":"<p>PhD k\u00e9pz\u00e9s Aktu\u00e1lis PhD t\u00e9m\u00e1k Sz\u00e9n nanocs\u0151 \/ f\u00e9lvezet\u0151-oxid (TiO2, WO3, SnO2, In2O3) nanokompozitok el\u0151\u00e1ll\u00edt\u00e1sa \u00e9s alkalmaz\u00e1sa g\u00e1zszenzork\u00e9nt \u00e9s fotokataliz\u00e1tork\u00e9nt (Pokol) Szerves technol\u00f3giai nyomszennyez\u0151k meghat\u00e1roz\u00e1sa(Balla) Az analitikai jel \u00e9s a k\u00e9miai szerkezet k\u00f6z\u00f6tti kapcsolat vizsg\u00e1lata g\u00e1zkromatogr\u00e1fi\u00e1s \u00e9s t\u00f6megspektrometri\u00e1s detekt\u00e1l\u00e1sok sor\u00e1n (Balla) Szintetikus receptorok fejleszt\u00e9se \u00e9s bioanalitikai alkalmaz\u00e1sa (Gyurcs\u00e1nyi) Nanoszerkezeteken \u00e9s szintetikus ligandumokon alapul\u00f3 k\u00e9miai \u00e9s &hellip;<\/p>\n<p class=\"read-more\"> <a class=\"\" href=\"https:\/\/ichem.bme.hu\/en\/oktatas\/phd-kepzes\/\"> <span class=\"screen-reader-text\">PhD education<\/span> Read More &raquo;<\/a><\/p>","protected":false},"author":1,"featured_media":0,"parent":766,"menu_order":0,"comment_status":"closed","ping_status":"closed","template":"","meta":{"site-sidebar-layout":"no-sidebar","site-content-layout":"page-builder","ast-global-header-display":"","ast-main-header-display":"","ast-hfb-above-header-display":"","ast-hfb-below-header-display":"","ast-hfb-mobile-header-display":"","site-post-title":"disabled","ast-breadcrumbs-content":"","ast-featured-img":"disabled","footer-sml-layout":"","theme-transparent-header-meta":"default","adv-header-id-meta":"","stick-header-meta":"","header-above-stick-meta":"","header-main-stick-meta":"","header-below-stick-meta":"","footnotes":""},"class_list":["post-794","page","type-page","status-publish","hentry"],"_links":{"self":[{"href":"https:\/\/ichem.bme.hu\/en\/wp-json\/wp\/v2\/pages\/794","targetHints":{"allow":["GET"]}}],"collection":[{"href":"https:\/\/ichem.bme.hu\/en\/wp-json\/wp\/v2\/pages"}],"about":[{"href":"https:\/\/ichem.bme.hu\/en\/wp-json\/wp\/v2\/types\/page"}],"author":[{"embeddable":true,"href":"https:\/\/ichem.bme.hu\/en\/wp-json\/wp\/v2\/users\/1"}],"replies":[{"embeddable":true,"href":"https:\/\/ichem.bme.hu\/en\/wp-json\/wp\/v2\/comments?post=794"}],"version-history":[{"count":10,"href":"https:\/\/ichem.bme.hu\/en\/wp-json\/wp\/v2\/pages\/794\/revisions"}],"predecessor-version":[{"id":1042,"href":"https:\/\/ichem.bme.hu\/en\/wp-json\/wp\/v2\/pages\/794\/revisions\/1042"}],"up":[{"embeddable":true,"href":"https:\/\/ichem.bme.hu\/en\/wp-json\/wp\/v2\/pages\/766"}],"wp:attachment":[{"href":"https:\/\/ichem.bme.hu\/en\/wp-json\/wp\/v2\/media?parent=794"}],"curies":[{"name":"wp","href":"https:\/\/api.w.org\/{rel}","templated":true}]}}