{"id":783,"date":"2021-10-17T15:59:57","date_gmt":"2021-10-17T15:59:57","guid":{"rendered":"https:\/\/ichem.bme.hu\/?page_id=783"},"modified":"2026-02-20T15:56:29","modified_gmt":"2026-02-20T15:56:29","slug":"specializacio","status":"publish","type":"page","link":"https:\/\/ichem.bme.hu\/en\/oktatas\/specializacio\/","title":{"rendered":"Specialization"},"content":{"rendered":"<div data-elementor-type=\"wp-page\" data-elementor-id=\"783\" class=\"elementor elementor-783\">\n\t\t\t\t\t\t<section class=\"elementor-section elementor-top-section elementor-element elementor-element-20cbb8ba elementor-section-full_width elementor-section-height-min-height elementor-section-height-default elementor-section-items-middle\" data-id=\"20cbb8ba\" data-element_type=\"section\" data-settings=\"{&quot;background_background&quot;:&quot;classic&quot;}\">\n\t\t\t\t\t\t<div class=\"elementor-container elementor-column-gap-default\">\n\t\t\t\t\t<div class=\"elementor-column elementor-col-100 elementor-top-column elementor-element elementor-element-1c6a4981\" data-id=\"1c6a4981\" data-element_type=\"column\">\n\t\t\t<div class=\"elementor-widget-wrap\">\n\t\t\t\t\t\t\t<\/div>\n\t\t<\/div>\n\t\t\t\t\t<\/div>\n\t\t<\/section>\n\t\t\t\t<section class=\"elementor-section elementor-top-section elementor-element elementor-element-987c6cd elementor-section-boxed elementor-section-height-default elementor-section-height-default elementor-invisible\" data-id=\"987c6cd\" data-element_type=\"section\" data-settings=\"{&quot;animation&quot;:&quot;fadeInDown&quot;}\">\n\t\t\t\t\t\t<div class=\"elementor-container elementor-column-gap-default\">\n\t\t\t\t\t<div class=\"elementor-column elementor-col-100 elementor-top-column elementor-element elementor-element-622df7f\" data-id=\"622df7f\" data-element_type=\"column\">\n\t\t\t<div class=\"elementor-widget-wrap elementor-element-populated\">\n\t\t\t\t\t\t<div class=\"elementor-element elementor-element-746f231 elementor-widget elementor-widget-heading\" data-id=\"746f231\" data-element_type=\"widget\" data-widget_type=\"heading.default\">\n\t\t\t\t<div class=\"elementor-widget-container\">\n\t\t\t<style>\/*! elementor - v3.23.0 - 05-08-2024 *\/\n.elementor-heading-title{padding:0;margin:0;line-height:1}.elementor-widget-heading .elementor-heading-title[class*=elementor-size-]>a{color:inherit;font-size:inherit;line-height:inherit}.elementor-widget-heading .elementor-heading-title.elementor-size-small{font-size:15px}.elementor-widget-heading .elementor-heading-title.elementor-size-medium{font-size:19px}.elementor-widget-heading .elementor-heading-title.elementor-size-large{font-size:29px}.elementor-widget-heading .elementor-heading-title.elementor-size-xl{font-size:39px}.elementor-widget-heading .elementor-heading-title.elementor-size-xxl{font-size:59px}<\/style><h2 class=\"elementor-heading-title elementor-size-default\">Analitika \u00e9s Szerkezetvizsg\u00e1lat specializ\u00e1ci\u00f3 - BSc \u00e9s MSc<\/h2>\t\t<\/div>\n\t\t\t\t<\/div>\n\t\t\t\t\t<\/div>\n\t\t<\/div>\n\t\t\t\t\t<\/div>\n\t\t<\/section>\n\t\t\t\t<section class=\"elementor-section elementor-top-section elementor-element elementor-element-fc9aebc elementor-section-boxed elementor-section-height-default elementor-section-height-default elementor-invisible\" data-id=\"fc9aebc\" data-element_type=\"section\" data-settings=\"{&quot;animation&quot;:&quot;fadeInUp&quot;}\">\n\t\t\t\t\t\t<div class=\"elementor-container elementor-column-gap-default\">\n\t\t\t\t\t<div class=\"elementor-column elementor-col-100 elementor-top-column elementor-element elementor-element-c6c6726\" data-id=\"c6c6726\" data-element_type=\"column\">\n\t\t\t<div class=\"elementor-widget-wrap elementor-element-populated\">\n\t\t\t\t\t\t<div class=\"elementor-element elementor-element-8b7fd16 elementor-widget elementor-widget-heading\" data-id=\"8b7fd16\" data-element_type=\"widget\" data-widget_type=\"heading.default\">\n\t\t\t\t<div class=\"elementor-widget-container\">\n\t\t\t<h3 class=\"elementor-heading-title elementor-size-default\">T\u00e1j\u00e9koztat\u00f3 a BSc hallgat\u00f3k sz\u00e1m\u00e1ra<\/h3>\t\t<\/div>\n\t\t\t\t<\/div>\n\t\t\t\t<div class=\"elementor-element elementor-element-8212e4d elementor-widget elementor-widget-text-editor\" data-id=\"8212e4d\" data-element_type=\"widget\" data-widget_type=\"text-editor.default\">\n\t\t\t\t<div class=\"elementor-widget-container\">\n\t\t\t<style>\/*! elementor - v3.23.0 - 05-08-2024 *\/\n.elementor-widget-text-editor.elementor-drop-cap-view-stacked .elementor-drop-cap{background-color:#69727d;color:#fff}.elementor-widget-text-editor.elementor-drop-cap-view-framed .elementor-drop-cap{color:#69727d;border:3px solid;background-color:transparent}.elementor-widget-text-editor:not(.elementor-drop-cap-view-default) .elementor-drop-cap{margin-top:8px}.elementor-widget-text-editor:not(.elementor-drop-cap-view-default) .elementor-drop-cap-letter{width:1em;height:1em}.elementor-widget-text-editor .elementor-drop-cap{float:left;text-align:center;line-height:1;font-size:50px}.elementor-widget-text-editor .elementor-drop-cap-letter{display:inline-block}<\/style>\t\t\t\t<ul>\n<li>Kereslet<\/li>\n<li>A vegy\u00e9szek, vegy\u00e9szm\u00e9rn\u00f6k\u00f6k 20-30 %-a v\u00e9gez vil\u00e1gszerte analitikai \u00e9s szerkezetvizsg\u00e1lati munk\u00e1t.<\/li>\n<li>Elemz\u00e9sekre, szerkezetvizsg\u00e1latra minden m\u0171szaki ter\u00fcleten \u00e1lland\u00f3an sz\u00fcks\u00e9g van (ipar, eg\u00e9szs\u00e9g\u00fcgy, \u00e9lelmiszer-gazdas\u00e1g, k\u00f6rnyezetv\u00e9delem stb.).<\/li>\n<li>A felhaszn\u00e1l\u00f3i ig\u00e9nyek v\u00e1ltoz\u00e1sai a m\u00f3dszerek \u00e1lland\u00f3 fejleszt\u00e9s\u00e9t ig\u00e9nylik<\/li>\n<\/ul>\n<h4>Az eredm\u00e9nyek felhaszn\u00e1l\u00e1sa<\/h4>\n<ul>\n<li>Anyagok \u00e9s rendszerek jellemz\u00e9se (term\u00e9k\u00f6sszet\u00e9tel, tisztas\u00e1g, eg\u00e9szs\u00e9gi \u00e9s k\u00f6rnyezeti \u00e1llapot, \u00faj anyagok szerkezete \u00e9s tulajdons\u00e1gai)<\/li>\n<li>Folyamatok fejleszt\u00e9se \u00e9s ir\u00e1ny\u00edt\u00e1sa (technol\u00f3giai, biol\u00f3giai, k\u00f6rnyezeti stb. folyamatok)<\/li>\n<li>Min\u0151s\u00e9gbiztos\u00edt\u00e1s<\/li>\n<\/ul>\n<h3>A specializ\u00e1ci\u00f3 t\u00e1rgyai<\/h3>\n<ul>\n<li>Elemanal\u00edzis<\/li>\n<li>Kromatogr\u00e1fia<\/li>\n<li>K\u00e9miai \u00e9s bioszenzorok<\/li>\n<li>Analitikai specializ\u00e1ci\u00f3s labor<\/li>\n<li>Szerves vegy\u00fcletek szerkezetfelder\u00edt\u00e9se<\/li>\n<li>Anyagvizsg\u00e1lati m\u00f3dszerek<\/li>\n<\/ul>\n<h3>N\u00e9h\u00e1ny t\u00e9mak\u00f6r analitikai szakdolgozatokhoz (ld. m\u00e9g a Diplomamunka \u00e9s a TDK oldalunkat is)<\/h3>\n<ul>\n<li>K\u00f6rnyezeti analitika<\/li>\n<li>Gy\u00f3gyszeranalitika<\/li>\n<li>K\u00e9miai \u00e9s bioszenzorok fejleszt\u00e9se<\/li>\n<li>Molekul\u00e1ris lenyomat\u00fa polimerek<\/li>\n<li>Kvantumk\u00e9mia<\/li>\n<li>Spektroszk\u00f3pia (R\u00f6ntgen, NMR)<\/li>\n<li>Szerkezetfelder\u00edt\u00e9s (NMR)<\/li>\n<li>\u00daj technol\u00f3gi\u00e1k fejleszt\u00e9se<\/li>\n<li>PNS m\u00f3dos\u00edtott nanop\u00f3rusok<\/li>\n<li>K\u00e9palkot\u00f3 SPR m\u00e9r\u0151rendszer<\/li>\n<li>Polimorfia<\/li>\n<li>UPLC<\/li>\n<li>NMR szerkezetfelder\u00edt\u00e9s<\/li>\n<\/ul>\n<h3>FKA Tansz\u00e9k: a Spektroszk\u00f3piai Csoport t\u00e9m\u00e1i<\/h3>\n<ul>\n<li>Kir\u00e1lis molekul\u00e1k szerkezetvizsg\u00e1lata CD-spektroszk\u00f3pi\u00e1val<\/li>\n<li>A fotok\u00e9mia gy\u00f3gy\u00e1szati alkalmaz\u00e1si lehet\u0151s\u00e9geinek tanulm\u00e1nyoz\u00e1sa (fluoreszcens jelz\u0151molekul\u00e1k fotofizikai jellemz\u00e9se, f\u00e9ny\u00e9rz\u00e9keny\u00edt\u00e9s, fototoxicit\u00e1s)<\/li>\n<li>Fotokr\u00f3m \u00e1talakul\u00e1sok vizsg\u00e1lata<\/li>\n<li>Szupramolekul\u00e1ris rendszerek egyens\u00falyi folyamatainak vizsg\u00e1lata spektroszk\u00f3piai m\u00f3dszerekkel<\/li>\n<li>L\u00e9zerrel keltett k\u00e9miai reakci\u00f3k spektroszk\u00f3piai anal\u00edzise<\/li>\n<li>L\u00e9gk\u00f6ri reakci\u00f3k param\u00e9tereinek elm\u00e9leti sz\u00e1m\u00edt\u00e1sa<\/li>\n<li>Kvantumk\u00e9miai m\u00f3dszerek fejleszt\u00e9se<\/li>\n<\/ul>\n<h3>FKA Tansz\u00e9k: vizsg\u00e1lati m\u00f3dszerek<\/h3>\n<ul>\n<li>Villan\u00f3f\u00e9ny-fotol\u00edzis<\/li>\n<li>Hagyom\u00e1nyos spektroszk\u00f3piai m\u00f3dszerek:\n<ul>\n<li>UV-l\u00e1that\u00f3 abszorbanciam\u00e9r\u00e9s;<\/li>\n<li>fluoreszcencia spektroszk\u00f3pia;<\/li>\n<li>CD-ORD.<\/li>\n<\/ul>\n<\/li>\n<li>Nagy pontoss\u00e1g\u00fa kvantumk\u00e9miai sz\u00e1m\u00edt\u00e1si elj\u00e1r\u00e1sok.<\/li>\n<\/ul>\n<h3>Ny\u00edlt nap a SZAK Tansz\u00e9ken<\/h3>\n<p>Minden \u00e9vben ny\u00edlt napot szervez\u00fcnk az \u00e9rekl\u0151d\u0151knek.<\/p>\t\t\t\t\t\t<\/div>\n\t\t\t\t<\/div>\n\t\t\t\t\t<\/div>\n\t\t<\/div>\n\t\t\t\t\t<\/div>\n\t\t<\/section>\n\t\t\t\t<\/div>","protected":false},"excerpt":{"rendered":"<p>Analitika \u00e9s Szerkezetvizsg\u00e1lat specializ\u00e1ci\u00f3 &#8211; BSc \u00e9s MSc T\u00e1j\u00e9koztat\u00f3 a BSc hallgat\u00f3k sz\u00e1m\u00e1ra Kereslet A vegy\u00e9szek, vegy\u00e9szm\u00e9rn\u00f6k\u00f6k 20-30 %-a v\u00e9gez vil\u00e1gszerte analitikai \u00e9s szerkezetvizsg\u00e1lati munk\u00e1t. Elemz\u00e9sekre, szerkezetvizsg\u00e1latra minden m\u0171szaki ter\u00fcleten \u00e1lland\u00f3an sz\u00fcks\u00e9g van (ipar, eg\u00e9szs\u00e9g\u00fcgy, \u00e9lelmiszer-gazdas\u00e1g, k\u00f6rnyezetv\u00e9delem stb.). A felhaszn\u00e1l\u00f3i ig\u00e9nyek v\u00e1ltoz\u00e1sai a m\u00f3dszerek \u00e1lland\u00f3 fejleszt\u00e9s\u00e9t ig\u00e9nylik Az eredm\u00e9nyek felhaszn\u00e1l\u00e1sa Anyagok \u00e9s rendszerek jellemz\u00e9se (term\u00e9k\u00f6sszet\u00e9tel, &hellip;<\/p>\n<p class=\"read-more\"> <a class=\"\" href=\"https:\/\/ichem.bme.hu\/en\/oktatas\/specializacio\/\"> <span class=\"screen-reader-text\">Specialization<\/span> Read More &raquo;<\/a><\/p>","protected":false},"author":1,"featured_media":0,"parent":766,"menu_order":0,"comment_status":"closed","ping_status":"closed","template":"","meta":{"site-sidebar-layout":"no-sidebar","site-content-layout":"page-builder","ast-global-header-display":"","ast-main-header-display":"","ast-hfb-above-header-display":"","ast-hfb-below-header-display":"","ast-hfb-mobile-header-display":"","site-post-title":"disabled","ast-breadcrumbs-content":"","ast-featured-img":"disabled","footer-sml-layout":"","theme-transparent-header-meta":"default","adv-header-id-meta":"","stick-header-meta":"","header-above-stick-meta":"","header-main-stick-meta":"","header-below-stick-meta":"","footnotes":""},"class_list":["post-783","page","type-page","status-publish","hentry"],"_links":{"self":[{"href":"https:\/\/ichem.bme.hu\/en\/wp-json\/wp\/v2\/pages\/783","targetHints":{"allow":["GET"]}}],"collection":[{"href":"https:\/\/ichem.bme.hu\/en\/wp-json\/wp\/v2\/pages"}],"about":[{"href":"https:\/\/ichem.bme.hu\/en\/wp-json\/wp\/v2\/types\/page"}],"author":[{"embeddable":true,"href":"https:\/\/ichem.bme.hu\/en\/wp-json\/wp\/v2\/users\/1"}],"replies":[{"embeddable":true,"href":"https:\/\/ichem.bme.hu\/en\/wp-json\/wp\/v2\/comments?post=783"}],"version-history":[{"count":24,"href":"https:\/\/ichem.bme.hu\/en\/wp-json\/wp\/v2\/pages\/783\/revisions"}],"predecessor-version":[{"id":1949,"href":"https:\/\/ichem.bme.hu\/en\/wp-json\/wp\/v2\/pages\/783\/revisions\/1949"}],"up":[{"embeddable":true,"href":"https:\/\/ichem.bme.hu\/en\/wp-json\/wp\/v2\/pages\/766"}],"wp:attachment":[{"href":"https:\/\/ichem.bme.hu\/en\/wp-json\/wp\/v2\/media?parent=783"}],"curies":[{"name":"wp","href":"https:\/\/api.w.org\/{rel}","templated":true}]}}