{"id":660,"date":"2021-10-17T11:48:43","date_gmt":"2021-10-17T11:48:43","guid":{"rendered":"https:\/\/ichem.bme.hu\/?page_id=660"},"modified":"2026-02-20T10:03:21","modified_gmt":"2026-02-20T10:03:21","slug":"tanszek-tortenelme","status":"publish","type":"page","link":"https:\/\/ichem.bme.hu\/en\/home\/tanszek-tortenelme\/","title":{"rendered":"History of the department"},"content":{"rendered":"<div data-elementor-type=\"wp-page\" data-elementor-id=\"660\" class=\"elementor elementor-660\">\n\t\t\t\t\t\t<section class=\"elementor-section elementor-top-section elementor-element elementor-element-b33783d elementor-section-boxed elementor-section-height-default elementor-section-height-default\" data-id=\"b33783d\" data-element_type=\"section\">\n\t\t\t\t\t\t<div class=\"elementor-container elementor-column-gap-default\">\n\t\t\t\t\t<div class=\"elementor-column elementor-col-100 elementor-top-column elementor-element elementor-element-7643c11\" data-id=\"7643c11\" data-element_type=\"column\">\n\t\t\t<div class=\"elementor-widget-wrap elementor-element-populated\">\n\t\t\t\t\t\t<div class=\"elementor-element elementor-element-ab45ccd elementor-invisible elementor-widget elementor-widget-image\" data-id=\"ab45ccd\" data-element_type=\"widget\" data-settings=\"{&quot;_animation&quot;:&quot;fadeInUp&quot;}\" data-widget_type=\"image.default\">\n\t\t\t\t<div class=\"elementor-widget-container\">\n\t\t\t<style>\/*! elementor - v3.23.0 - 05-08-2024 *\/\n.elementor-widget-image{text-align:center}.elementor-widget-image a{display:inline-block}.elementor-widget-image a img[src$=\".svg\"]{width:48px}.elementor-widget-image img{vertical-align:middle;display:inline-block}<\/style>\t\t\t\t\t\t\t\t\t\t<img fetchpriority=\"high\" decoding=\"async\" width=\"721\" height=\"480\" src=\"https:\/\/ichem.bme.hu\/wp-content\/uploads\/2021\/10\/ch_building.jpg\" class=\"attachment-large size-large wp-image-659\" alt=\"CH building\" srcset=\"https:\/\/ichem.bme.hu\/wp-content\/uploads\/2021\/10\/ch_building.jpg 721w, https:\/\/ichem.bme.hu\/wp-content\/uploads\/2021\/10\/ch_building-300x200.jpg 300w, https:\/\/ichem.bme.hu\/wp-content\/uploads\/2021\/10\/ch_building-18x12.jpg 18w\" sizes=\"(max-width: 721px) 100vw, 721px\" \/>\t\t\t\t\t\t\t\t\t\t\t\t\t<\/div>\n\t\t\t\t<\/div>\n\t\t\t\t\t<\/div>\n\t\t<\/div>\n\t\t\t\t\t<\/div>\n\t\t<\/section>\n\t\t\t\t<section class=\"elementor-section elementor-top-section elementor-element elementor-element-8c9fd60 elementor-section-boxed elementor-section-height-default elementor-section-height-default elementor-invisible\" data-id=\"8c9fd60\" data-element_type=\"section\" data-settings=\"{&quot;animation&quot;:&quot;fadeInUp&quot;}\">\n\t\t\t\t\t\t<div class=\"elementor-container elementor-column-gap-default\">\n\t\t\t\t\t<div class=\"elementor-column elementor-col-100 elementor-top-column elementor-element elementor-element-2a773ea\" data-id=\"2a773ea\" data-element_type=\"column\">\n\t\t\t<div class=\"elementor-widget-wrap elementor-element-populated\">\n\t\t\t\t\t\t<div class=\"elementor-element elementor-element-d715bce elementor-widget elementor-widget-heading\" data-id=\"d715bce\" data-element_type=\"widget\" data-widget_type=\"heading.default\">\n\t\t\t\t<div class=\"elementor-widget-container\">\n\t\t\t<style>\/*! elementor - v3.23.0 - 05-08-2024 *\/\n.elementor-heading-title{padding:0;margin:0;line-height:1}.elementor-widget-heading .elementor-heading-title[class*=elementor-size-]>a{color:inherit;font-size:inherit;line-height:inherit}.elementor-widget-heading .elementor-heading-title.elementor-size-small{font-size:15px}.elementor-widget-heading .elementor-heading-title.elementor-size-medium{font-size:19px}.elementor-widget-heading .elementor-heading-title.elementor-size-large{font-size:29px}.elementor-widget-heading .elementor-heading-title.elementor-size-xl{font-size:39px}.elementor-widget-heading .elementor-heading-title.elementor-size-xxl{font-size:59px}<\/style><h2 class=\"elementor-heading-title elementor-size-default\">History of the department<\/h2>\t\t<\/div>\n\t\t\t\t<\/div>\n\t\t\t\t<div class=\"elementor-element elementor-element-edd5002 elementor-widget elementor-widget-text-editor\" data-id=\"edd5002\" data-element_type=\"widget\" data-widget_type=\"text-editor.default\">\n\t\t\t\t<div class=\"elementor-widget-container\">\n\t\t\t<style>\/*! elementor - v3.23.0 - 05-08-2024 *\/\n.elementor-widget-text-editor.elementor-drop-cap-view-stacked .elementor-drop-cap{background-color:#69727d;color:#fff}.elementor-widget-text-editor.elementor-drop-cap-view-framed .elementor-drop-cap{color:#69727d;border:3px solid;background-color:transparent}.elementor-widget-text-editor:not(.elementor-drop-cap-view-default) .elementor-drop-cap{margin-top:8px}.elementor-widget-text-editor:not(.elementor-drop-cap-view-default) .elementor-drop-cap-letter{width:1em;height:1em}.elementor-widget-text-editor .elementor-drop-cap{float:left;text-align:center;line-height:1;font-size:50px}.elementor-widget-text-editor .elementor-drop-cap-letter{display:inline-block}<\/style>\t\t\t\t<p>In the first half of the last century, the development of industry increasingly required well-educated specialists in the fields of mathematics, physics, chemistry, mechanical engineering and engineering sciences in general. The first educational institution of this kind in Hungary was the secondary level J\u00f3zsef Ipartanoda, founded in 1846. Today's BME emerged from this school. In the beginning, it was possible to obtain degrees in technical, economic and agricultural fields at Ipartanoda. Among the six starting departments was the Department of Chemistry, the first professor of which was appointed doctor K\u00e1roly Nendtvich, assistant professor of the chemistry department of the University of Pest (1847). Differently other chemistry departments operating in Hungary at that time, they taught in Hungarian, but only until the fall of the 1848-49 War of Independence. They started teaching temporarily in the building of the University, then they rented premises in Buda Castle. In 1856, Ferenc J\u00f3zsef raised Ipartanoda to the rank of Polytechnic, and from 1860, education was again conducted in Hungarian. In 1867, after the compromise, the Polytechnic was raised to university status and was named the J\u00f3zsef Technical University.<br>1907-ig a di\u00e1kok vegy\u00e9szi, majd ezt k\u00f6vet\u0151en vegy\u00e9szm\u00e9rn\u00f6ki oklevelet kaptak. Az els\u0151 vegy\u00e9szi oklevelet Albert Grittner kapta 1884-ben.<\/p>\n<p>After K\u00e1roly Nendtvich, Lajos Ilosvay took over the post of head of the Chemistry Department of J\u00f3zsef University of Technology in 1882, who then held this position for 52 years (!). As a professor at the University of Technology in 1900, he gave the following lectures: general chemistry in the first semester of the first year for 5 hours a week. This presentation was not only required for chemists, but for all freshmen in all engineering departments in the university. He gave lectures on organic chemistry two hours a week in the first semester of the second year and 5 hours a week in the second semester. Students listened to theoretical chemistry lectures for 2 hours a week in the second semester of the second year, and participated in analytical chemistry laboratory exercises for 13 hours a week, over two semesters. The Department of Chemistry was first replaced (in 1871) by the Department of Chemical Technology, then in 1911 by the Department of Organic Chemistry, and finally in 1921 by the Department of Inorganic Chemistry. The original department was named the Department of General Chemistry. This department was entrusted with the conduct of laboratory exercises for chemical engineers, as well as the chemical education of all students of the University of Technology.<\/p>\n<p>For a short period in 1934, the department was merged with the Department of Chemistry of the Veterinary University. The head of the combined department was Gyula Gr\u00f3h, professor of chemistry at the University of Veterinary Medicine, but Jen\u0151 Plank was the head of the General Chemistry Department of the University of Applied Sciences in practice. Jen\u0151 Plank was an associate professor from 1928, and was appointed professor in 1940, when the Department became independent again. Jen\u0151 Plank was followed by L\u00e1szl\u00f3 Erdey (1950-1970). During this period, the number of students increased significantly throughout the country. Accordingly, the number of teaching staff increased, and the Department of General Chemistry began to develop in terms of its equipment. The former number of 3-5 teachers increased to 20-30 in the following decade. The field of activity also continued to expand. In addition to teaching, the department was also required to do research. For this purpose, the Hungarian Academy of Sciences, which in this period became the main organizer and controller of scientific research and practically fulfilled the role of the ministry of research, created the Analytical Chemistry Research Group within the department. During this period, fundamental changes took place in the field of science around the world. Classical methods were gradually replaced by instrumental methods. The main research areas at that time were titrimetry, organic chemical analysis, spectrography, thermal analysis, ion exchangers and radiochemistry. In 1966, a part of the department became independent as the Department of Applied Chemistry and took over the education of non-chemical engineering students. The parent institution took on the name of the Department of General and Analytical Chemistry.<\/p>\n<p>In 1970, Ern\u0151 Pungor took over the management of the department. His theoretical and experimental results in the field of ion-selective electrodes are of outstanding importance in his work. While previously there was only one professor in the department who led the department until he retired, after 1975 several professors could work at the same place, so the position of head of the department was for a period of 5 years, after which you had to apply again. The position of head of department was temporarily taken over by S\u00e1ndor G\u00e1l (technical analytical chemistry) in 1990, Istv\u00e1n Hargittai (structural chemistry) in 1991, and Gy\u00f6rgy Pokol (thermochemistry and solid-state chemistry) in 1996. Current department head Dr. Gy\u00f6rgy Horvai's (2005-) research areas are ion-selective electrodes; computer modeling of liquid-membrane interface; automation in analytics and pharmacokinetics; development of molecularly imprinted polymers and chemometrics.<\/p>\n<p>The high-level research carried out at the department is reflected by our past and present academics:<\/p>\n<ul>\n<li>Dr. Nendtvich K\u00e1roly, 1845. az MTA levelez\u0151 tagja, 1858. az MTA rendes tagja<\/li>\n<li>Dr. Ilosvay Lajos, 1891. az MTA levelez\u0151 tagja, 1905. az MTA rendes tagja<\/li>\n<li>Dr. Erdey L\u00e1szl\u00f3, 1951. az MTA levelez\u0151 tagja, 1955. az MTA rendes tagja<\/li>\n<li>Dr. Pungor Ern\u0151, 1967. az MTA levelez\u0151 tagja, 1976. az MTA rendes tagja<\/li>\n<li>Dr. Hargittai Istv\u00e1n , 1987. az MTA levelez\u0151 tagja, 1993. az MTA rendes tagja<\/li>\n<li>Dr. G\u00e1l S\u00e1ndor, 1993. az MTA levelez\u0151 tagja, 2004. az MTA rendes tagja<\/li>\n<li>Dr. Szabadv\u00e1ry Ferenc, 1995. az MTA levelez\u0151 tagja<\/li>\n<li>Dr. T\u00f3th Kl\u00e1ra, 1995. az MTA levelez\u0151 tagja, 2001. az MTA rendes tagja<\/li>\n<li>Dr. Horvai Gy\u00f6rgy, 2007. az MTA levelez\u0151 tagja<\/li>\n<li>Dr. Nyul\u00e1szi L\u00e1szl\u00f3, 2019. az MTA levelez\u0151 tagja<\/li>\n<\/ul>\n<p>The department appointed several deans and deputy deans to the Faculty:<br>D\u00e9k\u00e1nok:<\/p>\n<ul>\n<li>1950 &#8211; 52 Dr. Erdey L\u00e1szl\u00f3<\/li>\n<li>1972 &#8211; 81 Dr. Pungor Ern\u0151<\/li>\n<li>1988 &#8211; 96 Dr. G\u00e1l S\u00e1ndor<\/li>\n<li>2003 &#8211; 13 Dr. Pokol Gy\u00f6rgy<\/li>\n<\/ul>\n<p>D\u00e9k\u00e1nhelyettesek:<\/p>\n<ul>\n<li>Dr. Meisel Tibor<\/li>\n<li>Dr. G\u00e1l S\u00e1ndor<\/li>\n<li>Dr. Pokol Gy\u00f6rgy<\/li><li>Dr. T\u00f3th Blanka<\/li><li>Dr. Kelemen Zsolt<\/li>\n<\/ul>\n<p><!-- wp:paragraph --><!-- \/wp:paragraph --><!-- wp:paragraph --><!-- \/wp:paragraph --><!-- wp:paragraph --><!-- \/wp:paragraph --><!-- wp:list --><!-- \/wp:list --><!-- wp:paragraph --><!-- \/wp:paragraph --><!-- wp:list --><!-- \/wp:list --><!-- wp:paragraph --><!-- \/wp:paragraph --><!-- wp:list --><!-- \/wp:list --><!-- wp:paragraph --><!-- \/wp:paragraph --><\/p>\n<p><em>Szabadv\u00e1ry Ferenc: 150 \u00e9ves a BME \u00c1ltal\u00e1nos \u00e9s Analitikai K\u00e9miai Tansz\u00e9ke;<\/em><br><em>Magyar K\u00e9mikusok Lapja, 1998. 53(8-9). 404-407. nyom\u00e1n<\/em><\/p>\t\t\t\t\t\t<\/div>\n\t\t\t\t<\/div>\n\t\t\t\t\t<\/div>\n\t\t<\/div>\n\t\t\t\t\t<\/div>\n\t\t<\/section>\n\t\t\t\t<\/div>","protected":false},"excerpt":{"rendered":"<p>A tansz\u00e9k t\u00f6rt\u00e9nelme A m\u00falt sz\u00e1zad els\u0151 fel\u00e9ben az ipar fejl\u0151d\u00e9se egyre ink\u00e1bb megk\u00f6vetelte a matematika, fizika, k\u00e9mia, g\u00e9p\u00e9szm\u00e9rn\u00f6ki \u00e9s \u00e1ltal\u00e1ban a m\u00e9rn\u00f6ki tudom\u00e1nyok ter\u00fclet\u00e9n j\u00f3l k\u00e9pzett szakembereket. Magyarorsz\u00e1gon az els\u0151 ilyen jelleg\u0171 oktat\u00e1si int\u00e9zm\u00e9ny az 1846-ban alap\u00edtott k\u00f6z\u00e9pfok\u00fa szint\u0171 J\u00f3zsef Ipartanoda volt. A mai BME ebb\u0151l az iskol\u00e1b\u00f3l alakult ki. Az Ipartanod\u00e1n kezdetben m\u0171szaki, &hellip;<\/p>\n<p class=\"read-more\"> <a class=\"\" href=\"https:\/\/ichem.bme.hu\/en\/home\/tanszek-tortenelme\/\"> <span class=\"screen-reader-text\">History of the department<\/span> Read More &raquo;<\/a><\/p>","protected":false},"author":1,"featured_media":659,"parent":35,"menu_order":0,"comment_status":"closed","ping_status":"closed","template":"elementor_theme","meta":{"site-sidebar-layout":"no-sidebar","site-content-layout":"page-builder","ast-global-header-display":"","ast-main-header-display":"","ast-hfb-above-header-display":"","ast-hfb-below-header-display":"","ast-hfb-mobile-header-display":"","site-post-title":"disabled","ast-breadcrumbs-content":"","ast-featured-img":"disabled","footer-sml-layout":"","theme-transparent-header-meta":"default","adv-header-id-meta":"","stick-header-meta":"","header-above-stick-meta":"","header-main-stick-meta":"","header-below-stick-meta":"","footnotes":""},"class_list":["post-660","page","type-page","status-publish","has-post-thumbnail","hentry"],"_links":{"self":[{"href":"https:\/\/ichem.bme.hu\/en\/wp-json\/wp\/v2\/pages\/660","targetHints":{"allow":["GET"]}}],"collection":[{"href":"https:\/\/ichem.bme.hu\/en\/wp-json\/wp\/v2\/pages"}],"about":[{"href":"https:\/\/ichem.bme.hu\/en\/wp-json\/wp\/v2\/types\/page"}],"author":[{"embeddable":true,"href":"https:\/\/ichem.bme.hu\/en\/wp-json\/wp\/v2\/users\/1"}],"replies":[{"embeddable":true,"href":"https:\/\/ichem.bme.hu\/en\/wp-json\/wp\/v2\/comments?post=660"}],"version-history":[{"count":29,"href":"https:\/\/ichem.bme.hu\/en\/wp-json\/wp\/v2\/pages\/660\/revisions"}],"predecessor-version":[{"id":1946,"href":"https:\/\/ichem.bme.hu\/en\/wp-json\/wp\/v2\/pages\/660\/revisions\/1946"}],"up":[{"embeddable":true,"href":"https:\/\/ichem.bme.hu\/en\/wp-json\/wp\/v2\/pages\/35"}],"wp:featuredmedia":[{"embeddable":true,"href":"https:\/\/ichem.bme.hu\/en\/wp-json\/wp\/v2\/media\/659"}],"wp:attachment":[{"href":"https:\/\/ichem.bme.hu\/en\/wp-json\/wp\/v2\/media?parent=660"}],"curies":[{"name":"wp","href":"https:\/\/api.w.org\/{rel}","templated":true}]}}