{"id":1047,"date":"2021-10-18T01:33:40","date_gmt":"2021-10-18T01:33:40","guid":{"rendered":"https:\/\/ichem.bme.hu\/?page_id=1047"},"modified":"2026-02-25T10:26:28","modified_gmt":"2026-02-25T10:26:28","slug":"szakiranyu-tovabbkepzesek","status":"publish","type":"page","link":"https:\/\/ichem.bme.hu\/en\/oktatas\/szakiranyu-tovabbkepzesek\/","title":{"rendered":"Szakir\u00e1ny\u00fa tov\u00e1bbk\u00e9pz\u00e9sek"},"content":{"rendered":"<div data-elementor-type=\"wp-page\" data-elementor-id=\"1047\" class=\"elementor elementor-1047\">\n\t\t\t\t\t\t<section class=\"elementor-section elementor-top-section elementor-element elementor-element-61dcee9e elementor-section-full_width elementor-section-height-min-height elementor-section-height-default elementor-section-items-middle\" data-id=\"61dcee9e\" data-element_type=\"section\" data-settings=\"{&quot;background_background&quot;:&quot;classic&quot;}\">\n\t\t\t\t\t\t<div class=\"elementor-container elementor-column-gap-default\">\n\t\t\t\t\t<div class=\"elementor-column elementor-col-100 elementor-top-column elementor-element elementor-element-397af1f6\" data-id=\"397af1f6\" data-element_type=\"column\">\n\t\t\t<div class=\"elementor-widget-wrap\">\n\t\t\t\t\t\t\t<\/div>\n\t\t<\/div>\n\t\t\t\t\t<\/div>\n\t\t<\/section>\n\t\t\t\t<section class=\"elementor-section elementor-top-section elementor-element elementor-element-b3fa416 elementor-section-boxed elementor-section-height-default elementor-section-height-default elementor-invisible\" data-id=\"b3fa416\" data-element_type=\"section\" data-settings=\"{&quot;animation&quot;:&quot;fadeInUp&quot;}\">\n\t\t\t\t\t\t<div class=\"elementor-container elementor-column-gap-default\">\n\t\t\t\t\t<div class=\"elementor-column elementor-col-100 elementor-top-column elementor-element elementor-element-8b49772\" data-id=\"8b49772\" data-element_type=\"column\">\n\t\t\t<div class=\"elementor-widget-wrap elementor-element-populated\">\n\t\t\t\t\t\t<div class=\"elementor-element elementor-element-d60953d elementor-widget elementor-widget-heading\" data-id=\"d60953d\" data-element_type=\"widget\" data-widget_type=\"heading.default\">\n\t\t\t\t<div class=\"elementor-widget-container\">\n\t\t\t<style>\/*! elementor - v3.23.0 - 05-08-2024 *\/\n.elementor-heading-title{padding:0;margin:0;line-height:1}.elementor-widget-heading .elementor-heading-title[class*=elementor-size-]>a{color:inherit;font-size:inherit;line-height:inherit}.elementor-widget-heading .elementor-heading-title.elementor-size-small{font-size:15px}.elementor-widget-heading .elementor-heading-title.elementor-size-medium{font-size:19px}.elementor-widget-heading .elementor-heading-title.elementor-size-large{font-size:29px}.elementor-widget-heading .elementor-heading-title.elementor-size-xl{font-size:39px}.elementor-widget-heading .elementor-heading-title.elementor-size-xxl{font-size:59px}<\/style><h2 class=\"elementor-heading-title elementor-size-default\">Szakir\u00e1ny\u00fa tov\u00e1bbk\u00e9pz\u00e9sek<\/h2>\t\t<\/div>\n\t\t\t\t<\/div>\n\t\t\t\t<div class=\"elementor-element elementor-element-c789ee3 elementor-widget elementor-widget-text-editor\" data-id=\"c789ee3\" data-element_type=\"widget\" data-widget_type=\"text-editor.default\">\n\t\t\t\t<div class=\"elementor-widget-container\">\n\t\t\t<style>\/*! elementor - v3.23.0 - 05-08-2024 *\/\n.elementor-widget-text-editor.elementor-drop-cap-view-stacked .elementor-drop-cap{background-color:#69727d;color:#fff}.elementor-widget-text-editor.elementor-drop-cap-view-framed .elementor-drop-cap{color:#69727d;border:3px solid;background-color:transparent}.elementor-widget-text-editor:not(.elementor-drop-cap-view-default) .elementor-drop-cap{margin-top:8px}.elementor-widget-text-editor:not(.elementor-drop-cap-view-default) .elementor-drop-cap-letter{width:1em;height:1em}.elementor-widget-text-editor .elementor-drop-cap{float:left;text-align:center;line-height:1;font-size:50px}.elementor-widget-text-editor .elementor-drop-cap-letter{display:inline-block}<\/style>\t\t\t\t<p>A Szervetlen \u00e9s Analitikai K\u00e9mia Tansz\u00e9ken (kor\u00e1bban \u00c1ltal\u00e1nos \u00e9s Analitikai K\u00e9mia Tansz\u00e9k) r\u00e9gi hagyom\u00e1nya van az analitikai k\u00e9miai szakm\u00e9rn\u00f6k k\u00e9pz\u00e9snek. M\u0171szeres analitikai szakter\u00fcleten 1964 \u00f3ta folyik m\u00e1soddiplom\u00e1s k\u00e9pz\u00e9s, amely 1988-t\u00f3l kezdve kromatogr\u00e1fia, analitikai m\u00e9r\u00e9sek min\u0151s\u00e9gbiztos\u00edt\u00e1sa \u00e9s k\u00f6rnyezetv\u00e9delmi analitikai szakir\u00e1nyok ind\u00edt\u00e1s\u00e1val b\u0151v\u00fclt. Ez a vil\u00e1gon egyed\u00fcl\u00e1ll\u00f3 m\u00e1soddiplom\u00e1s m\u0171szeres analitikai szakm\u00e9rn\u00f6ki, illetve szakanalitikus k\u00e9pz\u00e9s a hazai analitikai szakir\u00e1ny\u00fa tov\u00e1bbk\u00e9pz\u00e9s k\u00f6zpontj\u00e1v\u00e1 v\u00e1lt.<\/p><p>A k\u00e9pz\u00e9s c\u00e9lja olyan korszer\u0171 analitikai ismeretekkel rendelkez\u0151 szakanalitikusok k\u00e9pz\u00e9se, akik a napi analitikai gyakorlat minden ter\u00fclet\u00e9n k\u00e9pesek magas sz\u00ednvonal\u00fa munk\u00e1t v\u00e9gezni. \u00cdgy a gy\u00f3gyszeripar, a vegyipar, az \u00e9lelmiszeripar, a mez\u0151gazdas\u00e1gi iparok, a kozmetikai \u00e9s h\u00e1ztart\u00e1svegyipar, a textilipar, a neh\u00e9zvegyipar, a k\u00f6rnyezetv\u00e9delem, a sz\u00e9nhidrog\u00e9nipar, a v\u00edz, a szennyv\u00edz, hullad\u00e9kgazd\u00e1lkod\u00e1s, klinikai laborat\u00f3riumok, stb. ter\u00fclet\u00e9n k\u00e9pesek a k\u00e9miai elemz\u00e9si feladatok megold\u00e1s\u00e1ra, a megl\u00e9v\u0151 m\u00f3dszerek adapt\u00e1l\u00e1s\u00e1ra, \u00faj m\u00f3dszerek kidolgoz\u00e1s\u00e1ra, analitikai laborat\u00f3riumok min\u0151s\u00e9gbiztos\u00edt\u00e1si rendszer\u00e9nek, kapcsolatrendszer\u00e9nek a kialak\u00edt\u00e1s\u00e1ra, szervez\u00e9s\u00e9re, m\u0171k\u00f6dtet\u00e9s\u00e9re \u00e9s ir\u00e1ny\u00edt\u00e1s\u00e1ra. Ennek \u00e9rdek\u00e9ben a kor\u00e1bban megszerzett term\u00e9szettudom\u00e1nyos alapismeretekre t\u00e1maszkodva olyan \u00faj fizikai-k\u00e9miai szeml\u00e9let\u0171, a gyakorlatban is hasznos\u00edthat\u00f3 tud\u00e1selemekre tehetnek szert, amelyek az analitikai k\u00e9mia speci\u00e1lis, nagy jelent\u0151s\u00e9ggel b\u00edr\u00f3 ter\u00fcleteinek (kromatogr\u00e1fia, kapcsolt m\u00f3dszerek, atom- \u00e9s molekulaspektroszk\u00f3pia, fele\u00fcletanalitika, szerkezetvizsg\u00e1lat, stb.) a saj\u00e1tos elm\u00e9leti vonatkoz\u00e1sait alapozz\u00e1k meg. Eddig t\u00f6bb mint 1100 koll\u00e9ga szerzett szakm\u00e9rn\u00f6ki, vagy szakanalitikus v\u00e9gzetts\u00e9get.<\/p><p>Az Kromatogr\u00e1fia szakir\u00e1ny\u00fa tov\u00e1bbk\u00e9pz\u00e9si szak [1] \u00e9s az Analitikai k\u00e9miai szakir\u00e1ny\u00fa tov\u00e1bbk\u00e9pz\u00e9si szak (M\u0171szeres analitikai szakir\u00e1ny, Min\u0151s\u00e9gir\u00e1ny\u00edt\u00e1si szakir\u00e1ny) k\u00e9t\u00e9vente indul\u00f3 \u00e1llamilag akkredit\u00e1lt 4 f\u00e9l\u00e9ves levelez\u0151 jelleg\u0171 MSc \u00e9s BSc szint\u0171 k\u00e9pz\u00e9s, amely elm\u00e9leti el\u0151ad\u00e1sokat \u00e9s gyakorlati foglalkoz\u00e1sokat tartalmaz, diplomamunka k\u00e9sz\u00edt\u00e9ssel \u00e9s z\u00e1r\u00f3vizsg\u00e1val fejez\u0151dik be.<\/p><p>Tov\u00e1bbi inform\u00e1ci\u00f3k: BME, Vegy\u00e9szm\u00e9rn\u00f6ki \u00e9s Biom\u00e9rn\u00f6ki Kar, Szervetlen \u00e9s Analitikai K\u00e9mia Tansz\u00e9k, 1521. Budapest, Szt.Gell\u00e9rt t\u00e9r 4. A k\u00e9pz\u00e9s vezet\u0151je: <a href=\"https:\/\/doktori.hu\/index.php?menuid=192&amp;lang=HU&amp;sz_ID=3318\">Dr. Balla J\u00f3zsef<\/a>. Telefon: (1)-463-1375, e-mail: balla.jozsef@vbk.bme.hu vagy matyasi.judit@vbk.bme.hu \u00e9s Dr. Bez\u00far L\u00e1szl\u00f3. Telefon: (1)-463-1178, e-mail: bezur.laszlo@vbk.bme.hu<\/p><p>A jelentkez\u00e9s a BME K\u00f6zponti Tanulm\u00e1nyi Hivatal honlapj\u00e1n tal\u00e1lhat\u00f3 \u0171rlap kit\u00f6lt\u00e9s\u00e9vel t\u00f6rt\u00e9nik.<\/p><p>\u00a0<\/p><p>[1] J\u00f3zsef Balla: Twenty\u2011fifth Anniversary of the Analytical Postgraduate Course in Chromatography of Budapest University of Technology and Economics, Chromatographia, (2014) 77:1161\u20131165., DOI10.1007\/s10337-014-2626-8<\/p>\t\t\t\t\t\t<\/div>\n\t\t\t\t<\/div>\n\t\t\t\t<div class=\"elementor-element elementor-element-6320c687 elementor-widget__width-initial elementor-widget-mobile__width-inherit elementor-position-top elementor-widget elementor-widget-image-box\" data-id=\"6320c687\" data-element_type=\"widget\" data-widget_type=\"image-box.default\">\n\t\t\t\t<div class=\"elementor-widget-container\">\n\t\t\t<style>\/*! elementor - v3.23.0 - 05-08-2024 *\/\n.elementor-widget-image-box .elementor-image-box-content{width:100%}@media (min-width:768px){.elementor-widget-image-box.elementor-position-left .elementor-image-box-wrapper,.elementor-widget-image-box.elementor-position-right .elementor-image-box-wrapper{display:flex}.elementor-widget-image-box.elementor-position-right .elementor-image-box-wrapper{text-align:end;flex-direction:row-reverse}.elementor-widget-image-box.elementor-position-left .elementor-image-box-wrapper{text-align:start;flex-direction:row}.elementor-widget-image-box.elementor-position-top .elementor-image-box-img{margin:auto}.elementor-widget-image-box.elementor-vertical-align-top .elementor-image-box-wrapper{align-items:flex-start}.elementor-widget-image-box.elementor-vertical-align-middle .elementor-image-box-wrapper{align-items:center}.elementor-widget-image-box.elementor-vertical-align-bottom .elementor-image-box-wrapper{align-items:flex-end}}@media (max-width:767px){.elementor-widget-image-box .elementor-image-box-img{margin-left:auto!important;margin-right:auto!important;margin-bottom:15px}}.elementor-widget-image-box .elementor-image-box-img{display:inline-block}.elementor-widget-image-box .elementor-image-box-title a{color:inherit}.elementor-widget-image-box .elementor-image-box-wrapper{text-align:center}.elementor-widget-image-box .elementor-image-box-description{margin:0}<\/style><div class=\"elementor-image-box-wrapper\"><figure class=\"elementor-image-box-img\"><img fetchpriority=\"high\" decoding=\"async\" width=\"205\" height=\"300\" src=\"https:\/\/ichem.bme.hu\/wp-content\/uploads\/2022\/02\/Koramatografia-205x300.jpg\" class=\"attachment-medium size-medium wp-image-1363\" alt=\"munkat\u00e1rs profilk\u00e9p\" srcset=\"https:\/\/ichem.bme.hu\/wp-content\/uploads\/2022\/02\/Koramatografia-205x300.jpg 205w, https:\/\/ichem.bme.hu\/wp-content\/uploads\/2022\/02\/Koramatografia-8x12.jpg 8w, https:\/\/ichem.bme.hu\/wp-content\/uploads\/2022\/02\/Koramatografia.jpg 583w\" sizes=\"(max-width: 205px) 100vw, 205px\" \/><\/figure><div class=\"elementor-image-box-content\"><h4 class=\"elementor-image-box-title\">Kromatogr\u00e1fia szakir\u00e1ny\u00fa tov\u00e1bbk\u00e9pz\u00e9si szak<\/h4><p class=\"elementor-image-box-description\">Akkredit\u00e1lva 2009-ben\n\n            MSc \u00e9s BSc akkredit\u00e1lt k\u00e9pz\u00e9sek.\n\n            A 4 f\u00e9l\u00e9ves k\u00e9pz\u00e9s k\u00e9t\u00e9vente indul.\n\n            Jelenleg a 17. \u00e9vfolyam 2 f\u00e9l\u00e9ve kezd\u0151dik.\n\nV\u00e9gzettek sz\u00e1ma: 310<\/p><\/div><\/div>\t\t<\/div>\n\t\t\t\t<\/div>\n\t\t\t\t<div class=\"elementor-element elementor-element-db19f24 elementor-widget__width-initial elementor-widget-mobile__width-inherit elementor-widget elementor-widget-image-box\" data-id=\"db19f24\" data-element_type=\"widget\" data-widget_type=\"image-box.default\">\n\t\t\t\t<div class=\"elementor-widget-container\">\n\t\t\t<div class=\"elementor-image-box-wrapper\"><div class=\"elementor-image-box-content\"><h4 class=\"elementor-image-box-title\">Klasszikus analitikus k\u00e9pz\u00e9s<\/h4><\/div><\/div>\t\t<\/div>\n\t\t\t\t<\/div>\n\t\t\t\t<div class=\"elementor-element elementor-element-33667c0 elementor-widget__width-initial elementor-widget-mobile__width-inherit elementor-widget elementor-widget-image-box\" data-id=\"33667c0\" data-element_type=\"widget\" data-widget_type=\"image-box.default\">\n\t\t\t\t<div class=\"elementor-widget-container\">\n\t\t\t<div class=\"elementor-image-box-wrapper\"><div class=\"elementor-image-box-content\"><h4 class=\"elementor-image-box-title\">Min\u0151s\u00e9gir\u00e1ny\u00edt\u00f3 analitikus k\u00e9pz\u00e9s<\/h4><\/div><\/div>\t\t<\/div>\n\t\t\t\t<\/div>\n\t\t\t\t\t<\/div>\n\t\t<\/div>\n\t\t\t\t\t<\/div>\n\t\t<\/section>\n\t\t\t\t<\/div>","protected":false},"excerpt":{"rendered":"<p>Szakir\u00e1ny\u00fa tov\u00e1bbk\u00e9pz\u00e9sek A Szervetlen \u00e9s Analitikai K\u00e9mia Tansz\u00e9ken (kor\u00e1bban \u00c1ltal\u00e1nos \u00e9s Analitikai K\u00e9mia Tansz\u00e9k) r\u00e9gi hagyom\u00e1nya van az analitikai k\u00e9miai szakm\u00e9rn\u00f6k k\u00e9pz\u00e9snek. M\u0171szeres analitikai szakter\u00fcleten 1964 \u00f3ta folyik m\u00e1soddiplom\u00e1s k\u00e9pz\u00e9s, amely 1988-t\u00f3l kezdve kromatogr\u00e1fia, analitikai m\u00e9r\u00e9sek min\u0151s\u00e9gbiztos\u00edt\u00e1sa \u00e9s k\u00f6rnyezetv\u00e9delmi analitikai szakir\u00e1nyok ind\u00edt\u00e1s\u00e1val b\u0151v\u00fclt. Ez a vil\u00e1gon egyed\u00fcl\u00e1ll\u00f3 m\u00e1soddiplom\u00e1s m\u0171szeres analitikai szakm\u00e9rn\u00f6ki, illetve szakanalitikus k\u00e9pz\u00e9s a &hellip;<\/p>\n<p class=\"read-more\"> <a class=\"\" href=\"https:\/\/ichem.bme.hu\/en\/oktatas\/szakiranyu-tovabbkepzesek\/\"> <span class=\"screen-reader-text\">Szakir\u00e1ny\u00fa tov\u00e1bbk\u00e9pz\u00e9sek<\/span> Read More &raquo;<\/a><\/p>","protected":false},"author":1,"featured_media":0,"parent":766,"menu_order":0,"comment_status":"closed","ping_status":"closed","template":"","meta":{"site-sidebar-layout":"no-sidebar","site-content-layout":"page-builder","ast-global-header-display":"","ast-main-header-display":"","ast-hfb-above-header-display":"","ast-hfb-below-header-display":"","ast-hfb-mobile-header-display":"","site-post-title":"disabled","ast-breadcrumbs-content":"","ast-featured-img":"disabled","footer-sml-layout":"","theme-transparent-header-meta":"default","adv-header-id-meta":"","stick-header-meta":"","header-above-stick-meta":"","header-main-stick-meta":"","header-below-stick-meta":"","footnotes":""},"class_list":["post-1047","page","type-page","status-publish","hentry"],"_links":{"self":[{"href":"https:\/\/ichem.bme.hu\/en\/wp-json\/wp\/v2\/pages\/1047","targetHints":{"allow":["GET"]}}],"collection":[{"href":"https:\/\/ichem.bme.hu\/en\/wp-json\/wp\/v2\/pages"}],"about":[{"href":"https:\/\/ichem.bme.hu\/en\/wp-json\/wp\/v2\/types\/page"}],"author":[{"embeddable":true,"href":"https:\/\/ichem.bme.hu\/en\/wp-json\/wp\/v2\/users\/1"}],"replies":[{"embeddable":true,"href":"https:\/\/ichem.bme.hu\/en\/wp-json\/wp\/v2\/comments?post=1047"}],"version-history":[{"count":26,"href":"https:\/\/ichem.bme.hu\/en\/wp-json\/wp\/v2\/pages\/1047\/revisions"}],"predecessor-version":[{"id":1955,"href":"https:\/\/ichem.bme.hu\/en\/wp-json\/wp\/v2\/pages\/1047\/revisions\/1955"}],"up":[{"embeddable":true,"href":"https:\/\/ichem.bme.hu\/en\/wp-json\/wp\/v2\/pages\/766"}],"wp:attachment":[{"href":"https:\/\/ichem.bme.hu\/en\/wp-json\/wp\/v2\/media?parent=1047"}],"curies":[{"name":"wp","href":"https:\/\/api.w.org\/{rel}","templated":true}]}}